{"id":90,"date":"2021-11-23T09:50:19","date_gmt":"2021-11-23T08:50:19","guid":{"rendered":"http:\/\/www.coveliersdrawings.com\/?page_id=90"},"modified":"2025-09-14T19:25:36","modified_gmt":"2025-09-14T17:25:36","slug":"90-2","status":"publish","type":"page","link":"https:\/\/www.coveliersdrawings.com\/index.php\/90-2\/","title":{"rendered":"Pr\u00e9sentation"},"content":{"rendered":"\n<h2 class=\"wp-block-heading\"><strong>Dessins au crayon permanent<\/strong><\/h2>\n\n\n\n<p class=\"has-text-align-center\">sur papiers: Bambou-coton Hahnem\u00fchle Mix Media\/Canson mix m\u00e9dia<\/p>\n\n\n\n<p class=\"has-text-align-center\">Crayons r\u00e9pondant aux exigences les plus \u00e9lev\u00e9es en mati\u00e8re de tenue \u00e0 la lumi\u00e8re conforme aux normes standard internationaux : <\/p>\n\n\n\n<p>J&rsquo;utilise trois types de crayons:<\/p>\n\n\n\n<p>-Luminance 6901(Caran d&rsquo;Ache- Derwent Lightfast- Polychromos 3 \u00e9toiles  Faber Castell. <\/p>\n\n\n\n<p>                              <strong>ASTM D-6901 et  Blue Wool Scale<\/strong><\/p>\n\n\n\n<figure class=\"wp-block-table\"><table><tbody><tr><td>Pour tous renseignements sur mes dessins, vous pouvez me contacter \u00e0 l&rsquo;adresse mail: <strong>philcovel6@gmail.com<\/strong><\/td><\/tr><\/tbody><\/table><\/figure>\n\n\n<div class=\"wp-block-image\">\n<figure class=\"aligncenter size-full\"><img loading=\"lazy\" decoding=\"async\" width=\"384\" height=\"506\" src=\"http:\/\/www.coveliersdrawings.com\/wp-content\/uploads\/2025\/01\/IMG_20250121_142734_265.jpg\" alt=\"\" class=\"wp-image-629\" srcset=\"https:\/\/www.coveliersdrawings.com\/wp-content\/uploads\/2025\/01\/IMG_20250121_142734_265.jpg 384w, https:\/\/www.coveliersdrawings.com\/wp-content\/uploads\/2025\/01\/IMG_20250121_142734_265-228x300.jpg 228w\" sizes=\"auto, (max-width: 384px) 100vw, 384px\" \/><\/figure><\/div>\n\n<div class=\"wp-block-image\">\n<figure class=\"aligncenter size-large is-resized\"><img loading=\"lazy\" decoding=\"async\" width=\"576\" height=\"1024\" src=\"http:\/\/www.coveliersdrawings.com\/wp-content\/uploads\/2024\/11\/20240724_174342-576x1024.jpg\" alt=\"\" class=\"wp-image-570\" style=\"width:308px;height:auto\" srcset=\"https:\/\/www.coveliersdrawings.com\/wp-content\/uploads\/2024\/11\/20240724_174342-576x1024.jpg 576w, https:\/\/www.coveliersdrawings.com\/wp-content\/uploads\/2024\/11\/20240724_174342-169x300.jpg 169w, https:\/\/www.coveliersdrawings.com\/wp-content\/uploads\/2024\/11\/20240724_174342-768x1365.jpg 768w, https:\/\/www.coveliersdrawings.com\/wp-content\/uploads\/2024\/11\/20240724_174342-864x1536.jpg 864w, https:\/\/www.coveliersdrawings.com\/wp-content\/uploads\/2024\/11\/20240724_174342-1152x2048.jpg 1152w, https:\/\/www.coveliersdrawings.com\/wp-content\/uploads\/2024\/11\/20240724_174342-1200x2133.jpg 1200w, https:\/\/www.coveliersdrawings.com\/wp-content\/uploads\/2024\/11\/20240724_174342-1980x3520.jpg 1980w, https:\/\/www.coveliersdrawings.com\/wp-content\/uploads\/2024\/11\/20240724_174342-scaled.jpg 1440w\" sizes=\"auto, (max-width: 576px) 100vw, 576px\" \/><\/figure><\/div>","protected":false},"excerpt":{"rendered":"<p>Dessins au crayon permanent sur papiers: Bambou-coton Hahnem\u00fchle Mix Media\/Canson mix m\u00e9dia Crayons r\u00e9pondant aux exigences les plus \u00e9lev\u00e9es en mati\u00e8re de tenue \u00e0 la lumi\u00e8re conforme aux normes standard internationaux : J&rsquo;utilise trois types de crayons: -Luminance 6901(Caran d&rsquo;Ache- Derwent Lightfast- Polychromos 3 \u00e9toiles Faber Castell. ASTM D-6901 et Blue Wool Scale Pour tous [&hellip;]<\/p>\n","protected":false},"author":1,"featured_media":0,"parent":0,"menu_order":0,"comment_status":"closed","ping_status":"closed","template":"","meta":{"footnotes":""},"class_list":["post-90","page","type-page","status-publish","hentry"],"_links":{"self":[{"href":"https:\/\/www.coveliersdrawings.com\/index.php\/wp-json\/wp\/v2\/pages\/90","targetHints":{"allow":["GET"]}}],"collection":[{"href":"https:\/\/www.coveliersdrawings.com\/index.php\/wp-json\/wp\/v2\/pages"}],"about":[{"href":"https:\/\/www.coveliersdrawings.com\/index.php\/wp-json\/wp\/v2\/types\/page"}],"author":[{"embeddable":true,"href":"https:\/\/www.coveliersdrawings.com\/index.php\/wp-json\/wp\/v2\/users\/1"}],"replies":[{"embeddable":true,"href":"https:\/\/www.coveliersdrawings.com\/index.php\/wp-json\/wp\/v2\/comments?post=90"}],"version-history":[{"count":15,"href":"https:\/\/www.coveliersdrawings.com\/index.php\/wp-json\/wp\/v2\/pages\/90\/revisions"}],"predecessor-version":[{"id":742,"href":"https:\/\/www.coveliersdrawings.com\/index.php\/wp-json\/wp\/v2\/pages\/90\/revisions\/742"}],"wp:attachment":[{"href":"https:\/\/www.coveliersdrawings.com\/index.php\/wp-json\/wp\/v2\/media?parent=90"}],"curies":[{"name":"wp","href":"https:\/\/api.w.org\/{rel}","templated":true}]}}