{"id":696,"date":"2025-07-12T19:29:02","date_gmt":"2025-07-12T17:29:02","guid":{"rendered":"https:\/\/www.coveliersdrawings.com\/?page_id=696"},"modified":"2025-10-30T15:33:47","modified_gmt":"2025-10-30T14:33:47","slug":"subaquatique","status":"publish","type":"page","link":"https:\/\/www.coveliersdrawings.com\/index.php\/subaquatique\/","title":{"rendered":"\u00a0\u00bb Etangs \u00ab\u00a0"},"content":{"rendered":"\n<p class=\"has-text-align-center\"><\/p>\n\n\n\n<figure class=\"wp-block-image size-large is-resized\"><img loading=\"lazy\" decoding=\"async\" width=\"1024\" height=\"704\" src=\"https:\/\/www.coveliersdrawings.com\/wp-content\/uploads\/2025\/07\/ETANG-INDIGO-1024x704.jpg\" alt=\"\" class=\"wp-image-697\" style=\"width:514px;height:auto\" srcset=\"https:\/\/www.coveliersdrawings.com\/wp-content\/uploads\/2025\/07\/ETANG-INDIGO-1024x704.jpg 1024w, https:\/\/www.coveliersdrawings.com\/wp-content\/uploads\/2025\/07\/ETANG-INDIGO-300x206.jpg 300w, https:\/\/www.coveliersdrawings.com\/wp-content\/uploads\/2025\/07\/ETANG-INDIGO-768x528.jpg 768w, https:\/\/www.coveliersdrawings.com\/wp-content\/uploads\/2025\/07\/ETANG-INDIGO-1536x1055.jpg 1536w, https:\/\/www.coveliersdrawings.com\/wp-content\/uploads\/2025\/07\/ETANG-INDIGO-1200x825.jpg 1200w, https:\/\/www.coveliersdrawings.com\/wp-content\/uploads\/2025\/07\/ETANG-INDIGO.jpg 1627w\" sizes=\"auto, (max-width: 1024px) 100vw, 1024px\" \/><\/figure>\n\n\n\n<p><strong>Etang indigo   Dessin au crayon ft 30 x 20 cm<\/strong><\/p>\n\n\n\n<p><\/p>\n\n\n\n<figure class=\"wp-block-image size-full is-resized\"><img loading=\"lazy\" decoding=\"async\" width=\"453\" height=\"568\" src=\"https:\/\/www.coveliersdrawings.com\/wp-content\/uploads\/2025\/07\/lumieres-de-l-etang-40x50-3.jpg\" alt=\"\" class=\"wp-image-705\" style=\"width:508px;height:auto\" srcset=\"https:\/\/www.coveliersdrawings.com\/wp-content\/uploads\/2025\/07\/lumieres-de-l-etang-40x50-3.jpg 453w, https:\/\/www.coveliersdrawings.com\/wp-content\/uploads\/2025\/07\/lumieres-de-l-etang-40x50-3-239x300.jpg 239w\" sizes=\"auto, (max-width: 453px) 100vw, 453px\" \/><\/figure>\n\n\n\n<p><strong>Lumi\u00e8res de l&rsquo;\u00e9tang  ft 40 x 50 cm  dessin aux crayons sur papier bambou<\/strong><\/p>\n\n\n\n<p><\/p>\n\n\n\n<p><\/p>\n\n\n\n<figure class=\"wp-block-image size-large is-resized\"><img loading=\"lazy\" decoding=\"async\" width=\"1024\" height=\"669\" src=\"https:\/\/www.coveliersdrawings.com\/wp-content\/uploads\/2025\/09\/20250910-aupres-de-mon-etang-1-1024x669.jpg\" alt=\"\" class=\"wp-image-737\" style=\"width:519px;height:auto\" srcset=\"https:\/\/www.coveliersdrawings.com\/wp-content\/uploads\/2025\/09\/20250910-aupres-de-mon-etang-1-1024x669.jpg 1024w, https:\/\/www.coveliersdrawings.com\/wp-content\/uploads\/2025\/09\/20250910-aupres-de-mon-etang-1-300x196.jpg 300w, https:\/\/www.coveliersdrawings.com\/wp-content\/uploads\/2025\/09\/20250910-aupres-de-mon-etang-1-768x502.jpg 768w, https:\/\/www.coveliersdrawings.com\/wp-content\/uploads\/2025\/09\/20250910-aupres-de-mon-etang-1-1536x1004.jpg 1536w, https:\/\/www.coveliersdrawings.com\/wp-content\/uploads\/2025\/09\/20250910-aupres-de-mon-etang-1-1200x784.jpg 1200w, https:\/\/www.coveliersdrawings.com\/wp-content\/uploads\/2025\/09\/20250910-aupres-de-mon-etang-1-1980x1294.jpg 1980w, https:\/\/www.coveliersdrawings.com\/wp-content\/uploads\/2025\/09\/20250910-aupres-de-mon-etang-1.jpg 2047w\" sizes=\"auto, (max-width: 1024px) 100vw, 1024px\" \/><\/figure>\n\n\n\n<p><strong>Aupr\u00e8s de mon \u00e9tang. Dessin au crayon de couleur sur papier grain brut de machine. Ft 30 x 20<\/strong><\/p>\n\n\n\n<p><\/p>\n\n\n\n<figure class=\"wp-block-image size-large is-resized\"><img loading=\"lazy\" decoding=\"async\" width=\"1024\" height=\"707\" src=\"https:\/\/www.coveliersdrawings.com\/wp-content\/uploads\/2025\/10\/1000017994-1024x707.jpg\" alt=\"\" class=\"wp-image-750\" style=\"width:519px;height:auto\" srcset=\"https:\/\/www.coveliersdrawings.com\/wp-content\/uploads\/2025\/10\/1000017994-1024x707.jpg 1024w, https:\/\/www.coveliersdrawings.com\/wp-content\/uploads\/2025\/10\/1000017994-300x207.jpg 300w, https:\/\/www.coveliersdrawings.com\/wp-content\/uploads\/2025\/10\/1000017994-768x530.jpg 768w, https:\/\/www.coveliersdrawings.com\/wp-content\/uploads\/2025\/10\/1000017994-1200x828.jpg 1200w, https:\/\/www.coveliersdrawings.com\/wp-content\/uploads\/2025\/10\/1000017994.jpg 1529w\" sizes=\"auto, (max-width: 1024px) 100vw, 1024px\" \/><\/figure>\n\n\n\n<p><strong>\u00ab\u00a0Etang turquoise\u00a0\u00bb dessin au crayon couleur sur papier grain brut de machine ft 30x20cm<\/strong><\/p>\n\n\n\n<p><\/p>\n\n\n\n<figure class=\"wp-block-image size-large is-resized\"><img loading=\"lazy\" decoding=\"async\" width=\"1024\" height=\"708\" src=\"https:\/\/www.coveliersdrawings.com\/wp-content\/uploads\/2025\/10\/happy-vijver-1024x708.jpg\" alt=\"\" class=\"wp-image-754\" style=\"width:524px;height:auto\" srcset=\"https:\/\/www.coveliersdrawings.com\/wp-content\/uploads\/2025\/10\/happy-vijver-1024x708.jpg 1024w, https:\/\/www.coveliersdrawings.com\/wp-content\/uploads\/2025\/10\/happy-vijver-300x208.jpg 300w, https:\/\/www.coveliersdrawings.com\/wp-content\/uploads\/2025\/10\/happy-vijver-768x531.jpg 768w, https:\/\/www.coveliersdrawings.com\/wp-content\/uploads\/2025\/10\/happy-vijver-1536x1062.jpg 1536w, https:\/\/www.coveliersdrawings.com\/wp-content\/uploads\/2025\/10\/happy-vijver-1200x830.jpg 1200w, https:\/\/www.coveliersdrawings.com\/wp-content\/uploads\/2025\/10\/happy-vijver.jpg 1638w\" sizes=\"auto, (max-width: 1024px) 100vw, 1024px\" \/><\/figure>\n\n\n\n<p><strong>\u00ab\u00a0Happy vijver\u00a0\u00bb ft 30x20cm crayon permanent lightfast. Papier grain brut de machine<\/strong><\/p>\n","protected":false},"excerpt":{"rendered":"<p>Etang indigo Dessin au crayon ft 30 x 20 cm Lumi\u00e8res de l&rsquo;\u00e9tang ft 40 x 50 cm dessin aux crayons sur papier bambou Aupr\u00e8s de mon \u00e9tang. Dessin au crayon de couleur sur papier grain brut de machine. Ft 30 x 20 \u00ab\u00a0Etang turquoise\u00a0\u00bb dessin au crayon couleur sur papier grain brut de machine [&hellip;]<\/p>\n","protected":false},"author":1,"featured_media":0,"parent":0,"menu_order":0,"comment_status":"closed","ping_status":"closed","template":"","meta":{"footnotes":""},"class_list":["post-696","page","type-page","status-publish","hentry"],"_links":{"self":[{"href":"https:\/\/www.coveliersdrawings.com\/index.php\/wp-json\/wp\/v2\/pages\/696","targetHints":{"allow":["GET"]}}],"collection":[{"href":"https:\/\/www.coveliersdrawings.com\/index.php\/wp-json\/wp\/v2\/pages"}],"about":[{"href":"https:\/\/www.coveliersdrawings.com\/index.php\/wp-json\/wp\/v2\/types\/page"}],"author":[{"embeddable":true,"href":"https:\/\/www.coveliersdrawings.com\/index.php\/wp-json\/wp\/v2\/users\/1"}],"replies":[{"embeddable":true,"href":"https:\/\/www.coveliersdrawings.com\/index.php\/wp-json\/wp\/v2\/comments?post=696"}],"version-history":[{"count":10,"href":"https:\/\/www.coveliersdrawings.com\/index.php\/wp-json\/wp\/v2\/pages\/696\/revisions"}],"predecessor-version":[{"id":756,"href":"https:\/\/www.coveliersdrawings.com\/index.php\/wp-json\/wp\/v2\/pages\/696\/revisions\/756"}],"wp:attachment":[{"href":"https:\/\/www.coveliersdrawings.com\/index.php\/wp-json\/wp\/v2\/media?parent=696"}],"curies":[{"name":"wp","href":"https:\/\/api.w.org\/{rel}","templated":true}]}}