{"id":628,"date":"2025-01-31T19:04:31","date_gmt":"2025-01-31T18:04:31","guid":{"rendered":"https:\/\/www.coveliersdrawings.com\/?page_id=628"},"modified":"2025-03-30T12:31:00","modified_gmt":"2025-03-30T10:31:00","slug":"garance-provencale","status":"publish","type":"page","link":"https:\/\/www.coveliersdrawings.com\/index.php\/garance-provencale\/","title":{"rendered":"Garance proven\u00e7ale"},"content":{"rendered":"\n<figure class=\"wp-block-image size-full is-resized\"><img loading=\"lazy\" decoding=\"async\" width=\"384\" height=\"506\" src=\"https:\/\/www.coveliersdrawings.com\/wp-content\/uploads\/2025\/01\/IMG_20250121_142734_265.jpg\" alt=\"\" class=\"wp-image-629\" style=\"width:461px;height:auto\" srcset=\"https:\/\/www.coveliersdrawings.com\/wp-content\/uploads\/2025\/01\/IMG_20250121_142734_265.jpg 384w, https:\/\/www.coveliersdrawings.com\/wp-content\/uploads\/2025\/01\/IMG_20250121_142734_265-228x300.jpg 228w\" sizes=\"auto, (max-width: 384px) 100vw, 384px\" \/><\/figure>\n\n\n\n<p>Dessin au crayon couleur r\u00e9sistant \u00e0 la lumi\u00e8re. Format 40 x 50 cm r\u00e9alis\u00e9 sur papier bambou. (collection priv\u00e9e Toulouse)<\/p>\n\n\n\n<p><\/p>\n","protected":false},"excerpt":{"rendered":"<p>Dessin au crayon couleur r\u00e9sistant \u00e0 la lumi\u00e8re. Format 40 x 50 cm r\u00e9alis\u00e9 sur papier bambou. (collection priv\u00e9e Toulouse)<\/p>\n","protected":false},"author":1,"featured_media":0,"parent":0,"menu_order":0,"comment_status":"closed","ping_status":"closed","template":"","meta":{"footnotes":""},"class_list":["post-628","page","type-page","status-publish","hentry"],"_links":{"self":[{"href":"https:\/\/www.coveliersdrawings.com\/index.php\/wp-json\/wp\/v2\/pages\/628","targetHints":{"allow":["GET"]}}],"collection":[{"href":"https:\/\/www.coveliersdrawings.com\/index.php\/wp-json\/wp\/v2\/pages"}],"about":[{"href":"https:\/\/www.coveliersdrawings.com\/index.php\/wp-json\/wp\/v2\/types\/page"}],"author":[{"embeddable":true,"href":"https:\/\/www.coveliersdrawings.com\/index.php\/wp-json\/wp\/v2\/users\/1"}],"replies":[{"embeddable":true,"href":"https:\/\/www.coveliersdrawings.com\/index.php\/wp-json\/wp\/v2\/comments?post=628"}],"version-history":[{"count":2,"href":"https:\/\/www.coveliersdrawings.com\/index.php\/wp-json\/wp\/v2\/pages\/628\/revisions"}],"predecessor-version":[{"id":666,"href":"https:\/\/www.coveliersdrawings.com\/index.php\/wp-json\/wp\/v2\/pages\/628\/revisions\/666"}],"wp:attachment":[{"href":"https:\/\/www.coveliersdrawings.com\/index.php\/wp-json\/wp\/v2\/media?parent=628"}],"curies":[{"name":"wp","href":"https:\/\/api.w.org\/{rel}","templated":true}]}}