{"id":577,"date":"2024-11-06T12:34:48","date_gmt":"2024-11-06T11:34:48","guid":{"rendered":"https:\/\/www.coveliersdrawings.com\/?page_id=577"},"modified":"2024-11-07T07:11:08","modified_gmt":"2024-11-07T06:11:08","slug":"a-propos","status":"publish","type":"page","link":"https:\/\/www.coveliersdrawings.com\/index.php\/a-propos\/","title":{"rendered":"A PROPOS"},"content":{"rendered":"\n<p><\/p>\n\n\n\n<p><\/p>\n\n\n\n<p><\/p>\n\n\n\n<figure class=\"wp-block-gallery has-nested-images columns-default is-cropped wp-block-gallery-1 is-layout-flex wp-block-gallery-is-layout-flex\">\n<figure class=\"wp-block-image size-full\"><img loading=\"lazy\" decoding=\"async\" width=\"526\" height=\"526\" data-id=\"352\" src=\"http:\/\/www.coveliersdrawings.com\/wp-content\/uploads\/2022\/09\/philippe-coveliers.jpg\" alt=\"\" class=\"wp-image-352\" srcset=\"https:\/\/www.coveliersdrawings.com\/wp-content\/uploads\/2022\/09\/philippe-coveliers.jpg 526w, https:\/\/www.coveliersdrawings.com\/wp-content\/uploads\/2022\/09\/philippe-coveliers-300x300.jpg 300w, https:\/\/www.coveliersdrawings.com\/wp-content\/uploads\/2022\/09\/philippe-coveliers-150x150.jpg 150w\" sizes=\"auto, (max-width: 526px) 100vw, 526px\" \/><\/figure>\n<\/figure>\n\n\n\n<p><\/p>\n\n\n\n<p class=\"has-text-align-center\" id=\"block-fabbebfd-3415-4980-bd4c-fb4c44a88ff6\"><strong>Philippe Coveliers, artiste dessinateur n\u00e9 \u00e0 Anvers (Belgique)&nbsp;<\/strong><\/p>\n\n\n\n<p class=\"has-text-align-center\" id=\"block-d5212a95-6762-41cb-a46d-627c1979a9ae\">A l\u2019\u00e2ge de vingt ans j&rsquo; installe mon premier atelier \u00e0 Meg\u00e8ve en Haute-Savoie, et j&rsquo;y puise mon inspiration dans les for\u00eats et les montagnes environnantes.<\/p>\n\n\n\n<p class=\"has-text-align-center\" id=\"block-86d1571d-a29e-40a6-a886-2323b7be192f\">Cette source d&rsquo;inspiration est toujours pr\u00e9sente aujourd&rsquo;hui puisque le min\u00e9ral, le v\u00e9g\u00e9tal et l\u2019eau constituent le fil conducteur de l\u2019ensemble de mon travail.<\/p>\n\n\n\n<p class=\"has-text-align-center\" id=\"block-9e844bf1-7abb-464b-a4d6-5a42c7fda802\">Je cherche \u00e0 raconter une histoire impr\u00e9gn\u00e9e de myst\u00e8re qui pousse au r\u00eave pour ceux qui y p\u00e9n\u00e8trent .<\/p>\n\n\n\n<p class=\"has-text-align-center\" id=\"block-3df70fe3-1dbe-4fe9-89c1-70dcd761d44d\">Apr\u00e8s plusieurs ann\u00e9es de recherche pour trouver le mat\u00e9riau le plus appropri\u00e9 \u00e0 mon travail, je d\u00e9couvre les crayons polychromes, tr\u00e8s r\u00e9sistants \u00e0 la lumi\u00e8re, conformes \u00e0 la norme ASTM-6901 et sp\u00e9cialement con\u00e7us pour les beaux-arts. Depuis 1983 le crayon demeure mon unique moyen d\u2019expression.<\/p>\n\n\n\n<p class=\"has-text-align-center\" id=\"block-993c411a-0584-463d-9933-a35cdc13db96\">Ma passion du dessin est existentielle et vitale <\/p>\n\n\n\n<p class=\"has-text-align-center\" id=\"block-aaf571cc-86fa-4979-bf5d-579f1640bcdf\">Aujourd\u2019hui, je vis et travaille \u00e0 Toulouse et en Auvergne<\/p>\n\n\n\n<p><em><strong>( Je mets mon site r\u00e9guli\u00e8rement \u00e0 jour , aussi bien pour mon parcours que pour mes nouveaux dessins)<\/strong><\/em><\/p>\n\n\n\n<p><strong><em>Pour me contacter, voici mon adresse mail:<\/em><\/strong> philcovel6@gmail.com<\/p>\n\n\n\n<p><\/p>\n","protected":false},"excerpt":{"rendered":"<p>Philippe Coveliers, artiste dessinateur n\u00e9 \u00e0 Anvers (Belgique)&nbsp; A l\u2019\u00e2ge de vingt ans j&rsquo; installe mon premier atelier \u00e0 Meg\u00e8ve en Haute-Savoie, et j&rsquo;y puise mon inspiration dans les for\u00eats et les montagnes environnantes. Cette source d&rsquo;inspiration est toujours pr\u00e9sente aujourd&rsquo;hui puisque le min\u00e9ral, le v\u00e9g\u00e9tal et l\u2019eau constituent le fil conducteur de l\u2019ensemble de [&hellip;]<\/p>\n","protected":false},"author":1,"featured_media":0,"parent":0,"menu_order":0,"comment_status":"closed","ping_status":"closed","template":"","meta":{"footnotes":""},"class_list":["post-577","page","type-page","status-publish","hentry"],"_links":{"self":[{"href":"https:\/\/www.coveliersdrawings.com\/index.php\/wp-json\/wp\/v2\/pages\/577","targetHints":{"allow":["GET"]}}],"collection":[{"href":"https:\/\/www.coveliersdrawings.com\/index.php\/wp-json\/wp\/v2\/pages"}],"about":[{"href":"https:\/\/www.coveliersdrawings.com\/index.php\/wp-json\/wp\/v2\/types\/page"}],"author":[{"embeddable":true,"href":"https:\/\/www.coveliersdrawings.com\/index.php\/wp-json\/wp\/v2\/users\/1"}],"replies":[{"embeddable":true,"href":"https:\/\/www.coveliersdrawings.com\/index.php\/wp-json\/wp\/v2\/comments?post=577"}],"version-history":[{"count":4,"href":"https:\/\/www.coveliersdrawings.com\/index.php\/wp-json\/wp\/v2\/pages\/577\/revisions"}],"predecessor-version":[{"id":610,"href":"https:\/\/www.coveliersdrawings.com\/index.php\/wp-json\/wp\/v2\/pages\/577\/revisions\/610"}],"wp:attachment":[{"href":"https:\/\/www.coveliersdrawings.com\/index.php\/wp-json\/wp\/v2\/media?parent=577"}],"curies":[{"name":"wp","href":"https:\/\/api.w.org\/{rel}","templated":true}]}}