{"id":450,"date":"2023-10-23T18:55:37","date_gmt":"2023-10-23T16:55:37","guid":{"rendered":"http:\/\/www.coveliersdrawings.com\/?page_id=450"},"modified":"2025-08-21T11:43:18","modified_gmt":"2025-08-21T09:43:18","slug":"une-nuit-dans-le-bleu-anversois","status":"publish","type":"page","link":"https:\/\/www.coveliersdrawings.com\/index.php\/une-nuit-dans-le-bleu-anversois\/","title":{"rendered":"Une nuit dans le bleu anversois"},"content":{"rendered":"\n<p>                           <strong>Een nacht in het Antwerpse blauw<\/strong><\/p>\n\n\n\n<p class=\"has-text-align-center\"><strong><em>\u00a0\u00bb Explorer la m\u00e9moire et sauver ce qui a \u00e9t\u00e9 perdu, une id\u00e9e simple mais forte. Faire revivre des images du pass\u00e9. Susciter des \u00e9vocations vives et p\u00e9n\u00e9trantes d&rsquo;une \u00e9poque et<\/em><\/strong> <strong><em>d&rsquo;<\/em><\/strong><em><strong>un lieu (H\u00e9l\u00e8ne Grimaud)<\/strong><\/em><\/p>\n\n\n\n<figure class=\"wp-block-image size-large\"><img loading=\"lazy\" decoding=\"async\" width=\"1024\" height=\"800\" src=\"http:\/\/www.coveliersdrawings.com\/wp-content\/uploads\/2023\/10\/20231023_122049-1-1024x800.jpg\" alt=\"\" class=\"wp-image-451\" srcset=\"https:\/\/www.coveliersdrawings.com\/wp-content\/uploads\/2023\/10\/20231023_122049-1-1024x800.jpg 1024w, https:\/\/www.coveliersdrawings.com\/wp-content\/uploads\/2023\/10\/20231023_122049-1-300x234.jpg 300w, https:\/\/www.coveliersdrawings.com\/wp-content\/uploads\/2023\/10\/20231023_122049-1-768x600.jpg 768w, https:\/\/www.coveliersdrawings.com\/wp-content\/uploads\/2023\/10\/20231023_122049-1-1536x1200.jpg 1536w, https:\/\/www.coveliersdrawings.com\/wp-content\/uploads\/2023\/10\/20231023_122049-1-2048x1600.jpg 2048w, https:\/\/www.coveliersdrawings.com\/wp-content\/uploads\/2023\/10\/20231023_122049-1-1200x938.jpg 1200w, https:\/\/www.coveliersdrawings.com\/wp-content\/uploads\/2023\/10\/20231023_122049-1-1980x1547.jpg 1980w\" sizes=\"auto, (max-width: 1024px) 100vw, 1024px\" \/><figcaption class=\"wp-element-caption\">                     <strong>Dessin au crayon permanent lightfast sur papier Mix M\u00e9dia ft 50 x 40 cm<\/strong><\/figcaption><\/figure>\n\n\n\n<p><\/p>\n","protected":false},"excerpt":{"rendered":"<p>Een nacht in het Antwerpse blauw \u00a0\u00bb Explorer la m\u00e9moire et sauver ce qui a \u00e9t\u00e9 perdu, une id\u00e9e simple mais forte. Faire revivre des images du pass\u00e9. Susciter des \u00e9vocations vives et p\u00e9n\u00e9trantes d&rsquo;une \u00e9poque et d&rsquo;un lieu (H\u00e9l\u00e8ne Grimaud)<\/p>\n","protected":false},"author":1,"featured_media":0,"parent":0,"menu_order":0,"comment_status":"closed","ping_status":"closed","template":"","meta":{"footnotes":""},"class_list":["post-450","page","type-page","status-publish","hentry"],"_links":{"self":[{"href":"https:\/\/www.coveliersdrawings.com\/index.php\/wp-json\/wp\/v2\/pages\/450","targetHints":{"allow":["GET"]}}],"collection":[{"href":"https:\/\/www.coveliersdrawings.com\/index.php\/wp-json\/wp\/v2\/pages"}],"about":[{"href":"https:\/\/www.coveliersdrawings.com\/index.php\/wp-json\/wp\/v2\/types\/page"}],"author":[{"embeddable":true,"href":"https:\/\/www.coveliersdrawings.com\/index.php\/wp-json\/wp\/v2\/users\/1"}],"replies":[{"embeddable":true,"href":"https:\/\/www.coveliersdrawings.com\/index.php\/wp-json\/wp\/v2\/comments?post=450"}],"version-history":[{"count":9,"href":"https:\/\/www.coveliersdrawings.com\/index.php\/wp-json\/wp\/v2\/pages\/450\/revisions"}],"predecessor-version":[{"id":724,"href":"https:\/\/www.coveliersdrawings.com\/index.php\/wp-json\/wp\/v2\/pages\/450\/revisions\/724"}],"wp:attachment":[{"href":"https:\/\/www.coveliersdrawings.com\/index.php\/wp-json\/wp\/v2\/media?parent=450"}],"curies":[{"name":"wp","href":"https:\/\/api.w.org\/{rel}","templated":true}]}}