{"id":106,"date":"2021-11-24T17:16:04","date_gmt":"2021-11-24T16:16:04","guid":{"rendered":"http:\/\/www.coveliersdrawings.com\/?page_id=106"},"modified":"2025-07-13T10:43:57","modified_gmt":"2025-07-13T08:43:57","slug":"parcours","status":"publish","type":"page","link":"https:\/\/www.coveliersdrawings.com\/index.php\/parcours\/","title":{"rendered":"Parcours"},"content":{"rendered":"\n<p><\/p>\n\n\n<div class=\"wp-block-image\">\n<figure class=\"aligncenter size-large\"><img loading=\"lazy\" decoding=\"async\" width=\"526\" height=\"526\" src=\"http:\/\/www.coveliersdrawings.com\/wp-content\/uploads\/2022\/09\/philippe-coveliers.jpg\" alt=\"\" class=\"wp-image-352\" srcset=\"https:\/\/www.coveliersdrawings.com\/wp-content\/uploads\/2022\/09\/philippe-coveliers.jpg 526w, https:\/\/www.coveliersdrawings.com\/wp-content\/uploads\/2022\/09\/philippe-coveliers-300x300.jpg 300w, https:\/\/www.coveliersdrawings.com\/wp-content\/uploads\/2022\/09\/philippe-coveliers-150x150.jpg 150w\" sizes=\"auto, (max-width: 526px) 100vw, 526px\" \/><\/figure><\/div>\n\n\n<p><strong><u><em>SALONS<\/em><\/u><\/strong><\/p>\n\n\n\n<p><span class=\"has-inline-color has-primary-color\"><strong>2011 SALON DU DESSIN Art en Capital&nbsp;GRAND PALAIS &#8211; PARIS<\/strong>&nbsp;<\/span><\/p>\n\n\n\n<p><strong>2009<\/strong> <strong> Meg\u00e8ve Art Discovery MEGEVE <\/strong><\/p>\n\n\n\n<p><strong>1999  Salon d&rsquo;Automne<\/strong> <strong>PARIS <\/strong><\/p>\n\n\n\n<p><strong>1977<\/strong>  <strong>Salon des Artistes Ind\u00e9pendants<\/strong>  <strong>PARIS <\/strong><\/p>\n\n\n\n<p><strong><em><u>EXPOSITIONS PERSONNELL<\/u>ES<\/em><\/strong><\/p>\n\n\n\n<p><strong>2025 Exposition au ch\u00e2teau de Laroquebrou (Cantal)<\/strong><\/p>\n\n\n\n<p><strong>2025 Exposition \u00e0 la Galerie Atelier -TOULOUSE-<\/strong><\/p>\n\n\n\n<p><strong>2020 Exposition au Centre Culturel \u00ab\u00a0La Lanterne\u00a0\u00bb RAMBOUILLET<\/strong><\/p>\n\n\n\n<p><strong>2018<\/strong>&nbsp;&nbsp;<strong>Exposition \u00e0 l\u2019Atrium de LAROQUEBROU (Cantal)<\/strong><\/p>\n\n\n\n<p><strong>2017  Exposition \u00e0 la Biblioth\u00e8que de l&rsquo;ordre des Avocats TOULOUSE<\/strong> &nbsp; &nbsp;<\/p>\n\n\n\n<p><strong>2015<\/strong>  <strong>Exposition \u00e0 l&rsquo;H\u00f4tel Dieu TOULOUSE <br>&nbsp; &nbsp; &nbsp; &nbsp;  Exposition \u00e0 l&rsquo;h\u00f4tel Crowne Plaza TOULOUSE<\/strong><\/p>\n\n\n\n<p><strong>2007  Exposition \u00e0 AIRBUS FRANCE TOULOUSE<\/strong><\/p>\n\n\n\n<p><strong>2003<\/strong> <strong>Exposition \u00e0 l&rsquo;H\u00f4tel Crowne Plaza TOULOUSE<\/strong> <\/p>\n\n\n\n<p><strong>2004<\/strong> <strong>Exposition \u00e0 la Galerie C. de Villaret PARIS<\/strong> <\/p>\n\n\n\n<p><strong>2001 Exposition \u00e0 l&rsquo;H\u00f4tel Crowne Plaza TOULOUSE<\/strong> <\/p>\n\n\n\n<p><strong>1989 Exposition priv\u00e9e \u00e0 PREVESSIN MO\u00cbNS (Pays de Gex )<\/strong><\/p>\n\n\n\n<p><strong>1986  Exposition \u00e0 la Galerie \u00ab\u00a0La Litote\u00a0\u00bb TOULOUSE<\/strong><br>         <strong>Exposition aux \u00ab\u00a0Greniers du Roy\u00a0\u00bb VILLEMUR SUR TARN<\/strong> <\/p>\n\n\n\n<p><strong>1985<\/strong> &nbsp;<strong>Exposition priv\u00e9e \u00e0 CASTRES <\/strong><\/p>\n\n\n\n<p><strong>1978<\/strong> <strong>Exposition dans la maison  J. JORDAENS&nbsp;\u2013 ANVERS (Belgique)<\/strong><\/p>\n\n\n\n<p><strong>1977<\/strong> <strong>Exposition au Centre Culturel d&rsquo;Auderghem -BRUXELLES<\/strong> <\/p>\n\n\n\n<p><strong>1976<\/strong> <strong>Exposition \u00e0 la Galerie Synth\u00e8se &#8211; ANVERS&nbsp; (Belgique)<\/strong><\/p>\n\n\n\n<p><strong>1973<\/strong> <strong>Exposition au Centre Culturel, de Parly 2&nbsp;&#8211; LE CHESNAY<\/strong><\/p>\n\n\n\n<p><strong>1971<\/strong> <strong>Exposition \u00e0 l&rsquo;h\u00f4tel de l&rsquo;Abbaye de TALLOIRES (Hte Savoie)<\/strong><\/p>\n\n\n\n<p>&nbsp;&nbsp;&nbsp;&nbsp;&nbsp;<strong>&nbsp; Exposition \u00e0 l&rsquo;H\u00f4tel du Mont-d&rsquo;Arbois \u2013 MEGEVE (HteSavoie)<\/strong><\/p>\n\n\n\n<hr class=\"wp-block-separator has-css-opacity\"\/>\n\n\n\n<p><\/p>\n\n\n","protected":false},"excerpt":{"rendered":"<p>SALONS 2011 SALON DU DESSIN Art en Capital&nbsp;GRAND PALAIS &#8211; PARIS&nbsp; 2009 Meg\u00e8ve Art Discovery MEGEVE 1999 Salon d&rsquo;Automne PARIS 1977 Salon des Artistes Ind\u00e9pendants PARIS EXPOSITIONS PERSONNELLES 2025 Exposition au ch\u00e2teau de Laroquebrou (Cantal) 2025 Exposition \u00e0 la Galerie Atelier -TOULOUSE- 2020 Exposition au Centre Culturel \u00ab\u00a0La Lanterne\u00a0\u00bb RAMBOUILLET 2018&nbsp;&nbsp;Exposition \u00e0 l\u2019Atrium de LAROQUEBROU [&hellip;]<\/p>\n","protected":false},"author":1,"featured_media":0,"parent":0,"menu_order":0,"comment_status":"closed","ping_status":"closed","template":"","meta":{"footnotes":""},"class_list":["post-106","page","type-page","status-publish","hentry"],"_links":{"self":[{"href":"https:\/\/www.coveliersdrawings.com\/index.php\/wp-json\/wp\/v2\/pages\/106","targetHints":{"allow":["GET"]}}],"collection":[{"href":"https:\/\/www.coveliersdrawings.com\/index.php\/wp-json\/wp\/v2\/pages"}],"about":[{"href":"https:\/\/www.coveliersdrawings.com\/index.php\/wp-json\/wp\/v2\/types\/page"}],"author":[{"embeddable":true,"href":"https:\/\/www.coveliersdrawings.com\/index.php\/wp-json\/wp\/v2\/users\/1"}],"replies":[{"embeddable":true,"href":"https:\/\/www.coveliersdrawings.com\/index.php\/wp-json\/wp\/v2\/comments?post=106"}],"version-history":[{"count":9,"href":"https:\/\/www.coveliersdrawings.com\/index.php\/wp-json\/wp\/v2\/pages\/106\/revisions"}],"predecessor-version":[{"id":708,"href":"https:\/\/www.coveliersdrawings.com\/index.php\/wp-json\/wp\/v2\/pages\/106\/revisions\/708"}],"wp:attachment":[{"href":"https:\/\/www.coveliersdrawings.com\/index.php\/wp-json\/wp\/v2\/media?parent=106"}],"curies":[{"name":"wp","href":"https:\/\/api.w.org\/{rel}","templated":true}]}}